{"id":856,"date":"2023-05-12T15:23:42","date_gmt":"2023-05-12T13:23:42","guid":{"rendered":"https:\/\/vssteinakirchen.ac.at\/?page_id=856"},"modified":"2023-06-02T07:16:27","modified_gmt":"2023-06-02T05:16:27","slug":"schule","status":"publish","type":"page","link":"https:\/\/vssteinakirchen.ac.at\/?page_id=856","title":{"rendered":"Schule"},"content":{"rendered":"<div id='av-layout-grid-1'  class='av-layout-grid-container av-lhiud75u-f7e204c16aef2b3be84b54cf16e5d592 entry-content-wrapper main_color av-flex-cells  avia-builder-el-0  el_before_av_section  avia-builder-el-first   container_wrap fullsize'  >\n\n<style type=\"text\/css\" data-created_by=\"avia_inline_auto\" id=\"style-css-av-lhiuddze-979862ad2583930b25483335b03715e4\">\n.flex_cell.av-lhiuddze-979862ad2583930b25483335b03715e4{\nvertical-align:top;\nheight:15px;\nmin-height:15px;\nbackground-color:#b80404;\n}\n.responsive #top #wrap_all .flex_cell.av-lhiuddze-979862ad2583930b25483335b03715e4{\npadding:0px 0px 0px 0px !important;\n}\n<\/style>\n<div class='flex_cell av-lhiuddze-979862ad2583930b25483335b03715e4 av-gridrow-cell av_one_fourth no_margin  avia-builder-el-1  el_before_av_cell_one_fourth  avia-builder-el-first  av-zero-padding' ><div class='flex_cell_inner'><\/div><\/div>\n<style type=\"text\/css\" data-created_by=\"avia_inline_auto\" id=\"style-css-av-lhiuhh22-8c6c4b5f2540dd6c4ccda411d73e6469\">\n.flex_cell.av-lhiuhh22-8c6c4b5f2540dd6c4ccda411d73e6469{\nvertical-align:top;\nheight:15px;\nmin-height:15px;\nbackground-color:#f86307;\n}\n.responsive #top #wrap_all .flex_cell.av-lhiuhh22-8c6c4b5f2540dd6c4ccda411d73e6469{\npadding:0px 0px 0px 0px !important;\n}\n<\/style>\n<div class='flex_cell av-lhiuhh22-8c6c4b5f2540dd6c4ccda411d73e6469 av-gridrow-cell av_one_fourth no_margin  avia-builder-el-2  el_after_av_cell_one_fourth  el_before_av_cell_one_fourth  av-zero-padding' ><div class='flex_cell_inner'><\/div><\/div>\n<style type=\"text\/css\" data-created_by=\"avia_inline_auto\" id=\"style-css-av-lhiui0xh-d2849700a276803481056afdde32346f\">\n.flex_cell.av-lhiui0xh-d2849700a276803481056afdde32346f{\nvertical-align:top;\nheight:15px;\nmin-height:15px;\nbackground-color:#e5c616;\n}\n.responsive #top #wrap_all .flex_cell.av-lhiui0xh-d2849700a276803481056afdde32346f{\npadding:0px 0px 0px 0px !important;\n}\n<\/style>\n<div class='flex_cell av-lhiui0xh-d2849700a276803481056afdde32346f av-gridrow-cell av_one_fourth no_margin  avia-builder-el-3  el_after_av_cell_one_fourth  el_before_av_cell_one_fourth  av-zero-padding' ><div class='flex_cell_inner'><\/div><\/div>\n<style type=\"text\/css\" data-created_by=\"avia_inline_auto\" id=\"style-css-av-lhiudjd7-207c743abf5e4aecbc538341463987a9\">\n.flex_cell.av-lhiudjd7-207c743abf5e4aecbc538341463987a9{\nvertical-align:top;\nheight:15px;\nmin-height:15px;\nbackground-color:#fba51a;\n}\n.responsive #top #wrap_all .flex_cell.av-lhiudjd7-207c743abf5e4aecbc538341463987a9{\npadding:0px 0px 0px 0px !important;\n}\n<\/style>\n<div class='flex_cell av-lhiudjd7-207c743abf5e4aecbc538341463987a9 av-gridrow-cell av_one_fourth no_margin  avia-builder-el-4  el_after_av_cell_one_fourth  avia-builder-el-last  av-zero-padding' ><div class='flex_cell_inner'><\/div><\/div>\n<\/div>\n<div id='av_section_1'  class='avia-section av-1uwn1o-3a323da8e4194061c0df52475676e174 main_color avia-section-default avia-no-border-styling  avia-builder-el-5  el_after_av_layout_row  el_before_av_layout_row  avia-bg-style-scroll container_wrap fullsize'  ><div class='container av-section-cont-open' ><div class='template-page content  av-content-full alpha units'><div class='post-entry post-entry-type-page post-entry-856'><div class='entry-content-wrapper clearfix'>\n\n<style type=\"text\/css\" data-created_by=\"avia_inline_auto\" id=\"style-css-av-lhhogucx-73a43e4f3be522004763d5113511417e\">\n#top .av-special-heading.av-lhhogucx-73a43e4f3be522004763d5113511417e{\npadding-bottom:30px;\n}\nbody .av-special-heading.av-lhhogucx-73a43e4f3be522004763d5113511417e .av-special-heading-tag .heading-char{\nfont-size:25px;\n}\n.av-special-heading.av-lhhogucx-73a43e4f3be522004763d5113511417e .av-subheading{\nfont-size:26px;\n}\n<\/style>\n<div  class='av-special-heading av-lhhogucx-73a43e4f3be522004763d5113511417e av-special-heading-h2  avia-builder-el-6  el_before_av_two_third  avia-builder-el-first '><h2 class='av-special-heading-tag'  itemprop=\"headline\"  >Schule<\/h2><div class=\"special-heading-border\"><div class=\"special-heading-inner-border\"><\/div><\/div><\/div>\n<div  class='flex_column av-3xlvs-d03ea6e0a6a89542997451784cd5ada1 av_two_third  avia-builder-el-7  el_after_av_heading  el_before_av_one_third  first flex_column_div  '     ><section  class='av_textblock_section av-lhkkocxj-9c79e42ab6dd1fc0d22f0f4d9e614cf9 '   itemscope=\"itemscope\" itemtype=\"https:\/\/schema.org\/CreativeWork\" ><div class='avia_textblock'  itemprop=\"text\" ><h3>Schulleitbild<\/h3>\n<blockquote>\n<ul>\n<li>Wir nehmen jedes Kind in seiner Individualit\u00e4t an und f\u00f6rdern seine St\u00e4rken, Interessen und F\u00e4higkeiten sowie seine Kreativit\u00e4t.<\/li>\n<li>Wir wollen die Kinder auf das Leben vorbereiten und sie dabei unterst\u00fctzen wichtige Grundkompetenzen zu erwerben. Auch ihre Freude am Lernen, an Bewegung und Musik wollen wir wecken.<\/li>\n<li>Wir achten auf ein angenehmes, angstfreies Arbeitsklima, in dem die Kinder einen freundlichen und respektvollen Umgang miteinander lernen.<\/li>\n<li>Wir wollen den Kindern in einem durch Regeln definierten Rahmen wichtige Werte vermitteln und sie zu selbstst\u00e4ndigem Handeln anleiten.<\/li>\n<li>Wir wollen im allt\u00e4glichen Leben und bei Festen im Jahreskreis Freundschaft und Gemeinschaft erleben.<\/li>\n<\/ul>\n<\/blockquote>\n<\/div><\/section><\/div><div  class='flex_column av-1jz55g-b276e4b1ad1098a241d0c3e5bea6de2c av_one_third  avia-builder-el-9  el_after_av_two_third  el_before_av_one_half  flex_column_div  '     ><section  class='av_textblock_section av-kso1s-a73fdd6d15610a26c7c038f6e7e75ec4 '   itemscope=\"itemscope\" itemtype=\"https:\/\/schema.org\/CreativeWork\" ><div class='avia_textblock'  itemprop=\"text\" ><h3>KONTAKTDATEN<\/h3>\n<p><strong>VOLKSCHULE STEINAKIRCHEN<\/strong><br \/>\nSchulweg 2<br \/>\n3261 Steinakirchen am Forst<br \/>\n&#8212;&#8212;&#8212;&#8212;&#8212;&#8212;&#8212;&#8212;&#8212;&#8212;&#8212;&#8212;&#8212;&#8212;<br \/>\n<strong>Telefon:<\/strong> 07488 71407<br \/>\n<strong>E-Mail:<\/strong> &#118;&#115;&#x2e;s&#116;&#x65;&#x69;n&#97;&#x6b;&#x69;r&#99;&#x68;e&#110;&#x40;&#x6e;o&#101;&#x73;&#x63;h&#117;&#x6c;e&#46;&#x61;&#x74;<br \/>\n<strong>Web:<\/strong> vssteinakirchen.ac.at<\/p>\n<p><strong>Schulleitung:<\/strong> VD OSR Heidelinde Berger<br \/>\n<strong>Anzahl der Klassen:<\/strong> 10<br \/>\n<strong>Anzahl Sch\u00fcler:<\/strong> 207<\/p>\n<\/div><\/section><\/div><div  class='flex_column av-elto8-739fcad8d2a573c125d301582f48e286 av_one_half  avia-builder-el-11  el_after_av_one_third  el_before_av_one_half  first flex_column_div  column-top-margin'     ><section  class='av_textblock_section av-bknw0-4590faaa02d4ead0ca6186de1f77f598 '   itemscope=\"itemscope\" itemtype=\"https:\/\/schema.org\/CreativeWork\" ><div class='avia_textblock'  itemprop=\"text\" ><h3 style=\"text-align: center;\"><strong>Unterrichtszeiten<\/strong><\/h3>\n<\/div><\/section><br \/>\n<div class='avia-data-table-wrap av-41uzds-ff873626f552ecdd38876540c08f5dc7 avia_responsive_table avia-table-1'><table  class='avia-table avia-data-table avia_pricing_default  avia-builder-el-13  el_after_av_textblock  avia-builder-el-last '  itemscope=\"itemscope\" itemtype=\"https:\/\/schema.org\/Table\" ><tbody><tr class=''><td class=''>0. Stunde<\/td><td class=''>07:25 &#8211; 07:50<\/td><\/tr><tr class=''><td class=''>1. Stunde<\/td><td class=''>08:00 &#8211; 8:50 Uhr<\/td><\/tr><tr class=''><td class=''>2. Stunde<\/td><td class=''>8:55 &#8211; 09:45 Uhr<\/td><\/tr><tr class=''><td class=''>1. Pause<\/td><td class=''>09:45 &#8211; 10:00 Uhr<\/td><\/tr><tr class=''><td class=''>3. Stunde<\/td><td class=''>10:00 &#8211; 10:50 Uhr<\/td><\/tr><tr class=''><td class=''>4. Stunde<\/td><td class=''>10:55 &#8211; 11:45 Uhr<\/td><\/tr><tr class=''><td class=''>2. Pause<\/td><td class=''>11:45 &#8211; 11:55 Uhr<\/td><\/tr><tr class=''><td class=''>5. Stunde<\/td><td class=''>11:55 &#8211; 12:45 Uhr<\/td><\/tr><tr class=''><td class=''>6. Stunde<\/td><td class=''>12.50 &#8211; 13.40 Uhr<\/td><\/tr><\/tbody><\/table><\/div><\/p><\/div><div  class='flex_column av-d0xu0-0abd10207c2240799f55e4a19d1e573f av_one_half  avia-builder-el-14  el_after_av_one_half  avia-builder-el-last  flex_column_div  column-top-margin'     ><section  class='av_textblock_section av-li2pnkkx-b4358152c9d5e1cf89d9f9151f3923ca '   itemscope=\"itemscope\" itemtype=\"https:\/\/schema.org\/CreativeWork\" ><div class='avia_textblock'  itemprop=\"text\" ><h3 style=\"text-align: center;\"><strong>Schloss Wolfpassing<br \/>\n<\/strong><\/h3>\n<\/div><\/section><br \/>\n\n<style type=\"text\/css\" data-created_by=\"avia_inline_auto\" id=\"style-css-av-li2q0p5q-eef482bae1be0e3b4b483b1109c6aba9\">\n#top .hr.hr-invisible.av-li2q0p5q-eef482bae1be0e3b4b483b1109c6aba9{\nheight:30px;\n}\n<\/style>\n<div  class='hr av-li2q0p5q-eef482bae1be0e3b4b483b1109c6aba9 hr-invisible  avia-builder-el-16  el_after_av_textblock  el_before_av_image '><span class='hr-inner '><span class=\"hr-inner-style\"><\/span><\/span><\/div><br \/>\n\n<style type=\"text\/css\" data-created_by=\"avia_inline_auto\" id=\"style-css-av-7hue8-36239bc9f86181d592d975c7e7c9e9be\">\n.avia-image-container.av-7hue8-36239bc9f86181d592d975c7e7c9e9be img.avia_image{\nbox-shadow:none;\n}\n.avia-image-container.av-7hue8-36239bc9f86181d592d975c7e7c9e9be .av-image-caption-overlay-center{\ncolor:#ffffff;\n}\n<\/style>\n<div  class='avia-image-container av-7hue8-36239bc9f86181d592d975c7e7c9e9be av-styling- avia-align-center  avia-builder-el-17  el_after_av_hr  avia-builder-el-last '   itemprop=\"image\" itemscope=\"itemscope\" itemtype=\"https:\/\/schema.org\/ImageObject\" ><div class=\"avia-image-container-inner\"><div class=\"avia-image-overlay-wrap\"><img decoding=\"async\" class='wp-image- avia-img-lazy-loading-not- avia_image ' src=\"https:\/\/vssteinakirchen.ac.at\/wp-content\/uploads\/2023\/06\/k-IMG_20230526_121749.jpg\" alt='' title=''   itemprop=\"thumbnailUrl\"  \/><\/div><\/div><\/div><\/p><\/div><\/div><\/div><\/div><!-- close content main div --><\/div><\/div><div id='av-layout-grid-2'  class='av-layout-grid-container av-3ck60-dd9a903600caff308f285aea012fe511 entry-content-wrapper main_color av-flex-cells  avia-builder-el-18  el_after_av_section  avia-builder-el-last  grid-row-not-first  container_wrap fullsize'  >\n\n<style type=\"text\/css\" data-created_by=\"avia_inline_auto\" id=\"style-css-av-p4lh4-f842c0977b7f4eb777e9a7cb50cb365e\">\n.flex_cell.av-p4lh4-f842c0977b7f4eb777e9a7cb50cb365e{\nvertical-align:top;\nheight:15px;\nmin-height:15px;\nbackground-color:#b80404;\n}\n.responsive #top #wrap_all .flex_cell.av-p4lh4-f842c0977b7f4eb777e9a7cb50cb365e{\npadding:0px 0px 0px 0px !important;\n}\n<\/style>\n<div class='flex_cell av-p4lh4-f842c0977b7f4eb777e9a7cb50cb365e av-gridrow-cell av_one_fourth no_margin  avia-builder-el-19  el_before_av_cell_one_fourth  avia-builder-el-first  av-zero-padding' ><div class='flex_cell_inner'><\/div><\/div>\n<style type=\"text\/css\" data-created_by=\"avia_inline_auto\" id=\"style-css-av-is8so-e1ae2884ad71021dbab1b3fa8d909e8b\">\n.flex_cell.av-is8so-e1ae2884ad71021dbab1b3fa8d909e8b{\nvertical-align:top;\nheight:15px;\nmin-height:15px;\nbackground-color:#f86307;\n}\n.responsive #top #wrap_all .flex_cell.av-is8so-e1ae2884ad71021dbab1b3fa8d909e8b{\npadding:0px 0px 0px 0px !important;\n}\n<\/style>\n<div class='flex_cell av-is8so-e1ae2884ad71021dbab1b3fa8d909e8b av-gridrow-cell av_one_fourth no_margin  avia-builder-el-20  el_after_av_cell_one_fourth  el_before_av_cell_one_fourth  av-zero-padding' ><div class='flex_cell_inner'><\/div><\/div>\n<style type=\"text\/css\" data-created_by=\"avia_inline_auto\" id=\"style-css-av-e074g-5a7c4220dd8d2da6d8269503f967ec8f\">\n.flex_cell.av-e074g-5a7c4220dd8d2da6d8269503f967ec8f{\nvertical-align:top;\nheight:15px;\nmin-height:15px;\nbackground-color:#e5c616;\n}\n.responsive #top #wrap_all .flex_cell.av-e074g-5a7c4220dd8d2da6d8269503f967ec8f{\npadding:0px 0px 0px 0px !important;\n}\n<\/style>\n<div class='flex_cell av-e074g-5a7c4220dd8d2da6d8269503f967ec8f av-gridrow-cell av_one_fourth no_margin  avia-builder-el-21  el_after_av_cell_one_fourth  el_before_av_cell_one_fourth  av-zero-padding' ><div class='flex_cell_inner'><\/div><\/div>\n<style type=\"text\/css\" data-created_by=\"avia_inline_auto\" id=\"style-css-av-85mvk-82828981370d5bff736aeaa07c96d587\">\n.flex_cell.av-85mvk-82828981370d5bff736aeaa07c96d587{\nvertical-align:top;\nheight:15px;\nmin-height:15px;\nbackground-color:#fba51a;\n}\n.responsive #top #wrap_all .flex_cell.av-85mvk-82828981370d5bff736aeaa07c96d587{\npadding:0px 0px 0px 0px !important;\n}\n<\/style>\n<div class='flex_cell av-85mvk-82828981370d5bff736aeaa07c96d587 av-gridrow-cell av_one_fourth no_margin  avia-builder-el-22  el_after_av_cell_one_fourth  avia-builder-el-last  av-zero-padding' ><div class='flex_cell_inner'><\/div><\/div>\n<\/div><\/p>\n","protected":false},"excerpt":{"rendered":"","protected":false},"author":8,"featured_media":0,"parent":0,"menu_order":20,"comment_status":"closed","ping_status":"closed","template":"","meta":{"footnotes":""},"class_list":["post-856","page","type-page","status-publish","hentry"],"_links":{"self":[{"href":"https:\/\/vssteinakirchen.ac.at\/index.php?rest_route=\/wp\/v2\/pages\/856","targetHints":{"allow":["GET"]}}],"collection":[{"href":"https:\/\/vssteinakirchen.ac.at\/index.php?rest_route=\/wp\/v2\/pages"}],"about":[{"href":"https:\/\/vssteinakirchen.ac.at\/index.php?rest_route=\/wp\/v2\/types\/page"}],"author":[{"embeddable":true,"href":"https:\/\/vssteinakirchen.ac.at\/index.php?rest_route=\/wp\/v2\/users\/8"}],"replies":[{"embeddable":true,"href":"https:\/\/vssteinakirchen.ac.at\/index.php?rest_route=%2Fwp%2Fv2%2Fcomments&post=856"}],"version-history":[{"count":20,"href":"https:\/\/vssteinakirchen.ac.at\/index.php?rest_route=\/wp\/v2\/pages\/856\/revisions"}],"predecessor-version":[{"id":1289,"href":"https:\/\/vssteinakirchen.ac.at\/index.php?rest_route=\/wp\/v2\/pages\/856\/revisions\/1289"}],"wp:attachment":[{"href":"https:\/\/vssteinakirchen.ac.at\/index.php?rest_route=%2Fwp%2Fv2%2Fmedia&parent=856"}],"curies":[{"name":"wp","href":"https:\/\/api.w.org\/{rel}","templated":true}]}}