{"id":503,"date":"2023-05-10T14:29:03","date_gmt":"2023-05-10T12:29:03","guid":{"rendered":"https:\/\/vssteinakirchen.ac.at\/?page_id=503"},"modified":"2023-05-25T09:37:06","modified_gmt":"2023-05-25T07:37:06","slug":"impressum","status":"publish","type":"page","link":"https:\/\/vssteinakirchen.ac.at\/?page_id=503","title":{"rendered":"Impressum"},"content":{"rendered":"<div  class='flex_column av-7pj4n-04c8935767b7deded8ab395656b67486 av_one_full  avia-builder-el-0  avia-builder-el-no-sibling  first flex_column_div  '     ><p>\n<style type=\"text\/css\" data-created_by=\"avia_inline_auto\" id=\"style-css-av-lhhogucx-147e5da72c6f499bda56f702d503beda\">\n#top .av-special-heading.av-lhhogucx-147e5da72c6f499bda56f702d503beda{\npadding-bottom:10px;\n}\nbody .av-special-heading.av-lhhogucx-147e5da72c6f499bda56f702d503beda .av-special-heading-tag .heading-char{\nfont-size:25px;\n}\n.av-special-heading.av-lhhogucx-147e5da72c6f499bda56f702d503beda .av-subheading{\nfont-size:15px;\n}\n<\/style>\n<div  class='av-special-heading av-lhhogucx-147e5da72c6f499bda56f702d503beda av-special-heading-h2  avia-builder-el-1  el_before_av_textblock  avia-builder-el-first '><h2 class='av-special-heading-tag'  itemprop=\"headline\"  >Impressum<\/h2><div class=\"special-heading-border\"><div class=\"special-heading-inner-border\"><\/div><\/div><\/div><br \/>\n<section  class='av_textblock_section av-lhhogfl9-7521d82feb14207651f220c60d76ffe5 '   itemscope=\"itemscope\" itemtype=\"https:\/\/schema.org\/CreativeWork\" ><div class='avia_textblock'  itemprop=\"text\" ><h3><strong>Informationspflicht laut \u00a75 E-Commerce Gesetz, \u00a714 Unternehmensgesetzbuch, \u00a763 Gewerbeordnung und Offenlegungspflicht laut \u00a725 Mediengesetz.<\/strong><\/h3>\n<p><strong>Rechtshinweise<\/strong><br \/>\nInformationen nach \u00a7 5 E-Commerce Gesetz<br \/>\nImpressum nach \u00a7 24 Mediengesetz<br \/>\nOffenlegung nach \u00a7 25 Mediengesetz<br \/>\nOffenlegung nach \u00a7 14 UGB<\/p>\n<p>BETREIBER DER WEBSEITE<br \/>\nVolkschule Steinakirchen<br \/>\nSchulweg 2<br \/>\n3261 Steinakirchen am Forst<\/p>\n<p>Telefon: 07488 71407<br \/>\nE-Mail: v&#115;&#46;&#x73;&#x74;ei&#110;&#97;&#x6b;&#x69;rc&#104;&#101;&#x6e;&#x40;no&#101;&#x73;&#x63;&#x68;u&#108;&#101;&#x2e;&#x61;&#x74;&gt;<\/p>\n<p>Schulleitung: VD OSR Heidelinde Berger<\/p>\n<p><strong>Grundlegende Richtung des Mediums<\/strong><br \/>\nZweck dieser Website ist ausschlie\u00dflich die Vermittlung von Informationen \u00fcber unsere Schule.<\/p>\n<p><strong>Die Bildrechte liegen bei den folgenden Fotografen und Unternehmen<\/strong><br \/>\n\u00a9 VS-Steinakirchen<br \/>\n\u00a9 https:\/\/unsplash.com<br \/>\n\u00a9 https:\/\/pixabay.com<br \/>\n\u00a9 Images by pikisuperstar <a href=\"http:\/\/www.freepik.com\">Designed by Freepik<\/a><\/p>\n<p><strong>Konzeption, Design &amp; Development<\/strong><br \/>\nTr\u00f6scher Werbeagentur<br \/>\nTel.: 0664 144 2660<br \/>\nE-Mail: of&#102;&#105;&#x63;&#x65;&#x40;&#x74;ro&#101;&#115;&#x63;&#x68;&#x65;&#x72;&#46;c&#111;&#46;&#97;&#x74;<br \/>\nWeb: www.webdesign1.at<\/p>\n<p><strong>Nutzungsbedingungen<\/strong><br \/>\nZweck der Website ist die ausschlie\u00dflich Informationen \u00fcber mein Unternehmen und den zugeh\u00f6rigen Dienstleistungen.<\/p>\n<p><strong>Haftung<\/strong><br \/>\nDie Informationen auf dieser Website wurden sorgf\u00e4ltig erstellt und werden laufend aktualisiert. Ich \u00fcbernehme trotzdem keine Haftung f\u00fcr Richtigkeit, Vollst\u00e4ndigkeit und Aktualit\u00e4t. Ich versuchen, die Website jederzeit zur Verf\u00fcgung zu stellen, dennoch wird keine Haftung \u00fcbernommen, wenn diese Website ganz oder teilweise f\u00fcr bestimmte Zeit nicht zur Verf\u00fcgung steht.<br \/>\nIch hafte in keinem Fall f\u00fcr allf\u00e4llige direkte oder indirekte Sch\u00e4den oder Folgesch\u00e4den, die als Folge des Gebrauchs von Informationen oder Material von der Website oder durch Zugriff \u00fcber Links auf andere Websites entsteht.<br \/>\nIch \u00fcbernehme keine Haftung daf\u00fcr, dass Material und Informationen, welches \u00fcber ihre Website zug\u00e4nglich ist, frei von Viren oder anderen sch\u00e4dlichen Komponenten sind.<\/p>\n<p><strong>Hyperlinks<\/strong><br \/>\nEs wird darauf hingewiesen, dass f\u00fcr Inhalt und Gestaltung der jeweiligen externen Websites ausschlie\u00dflich der jeweilige Anbieter verantwortlich ist. Ich \u00fcbernehme keinerlei Haftung f\u00fcr solche Seiten und den von ihnen zur Verf\u00fcgung gestellten Informationen.<\/p>\n<p><strong>Datensicherheit im Internet<\/strong><br \/>\nDas World Wide Web ist ein \u00f6ffentlich zug\u00e4ngliches System. Jedes Mal, wenn freiwillig pers\u00f6nliche Informationen online preisgegeben werden, erfolgt dies auf eigenes Risiko. Ihre Daten k\u00f6nnen unterwegs verloren gehen oder in die H\u00e4nde Unbefugter gelangen. Eine Haftung meinerseits besteht in solchen F\u00e4llen nicht.<\/p>\n<p><strong>Urheberrecht<\/strong><br \/>\nAufbau und Inhalt dieser Website sind urheberrechtlich gesch\u00fctzt. Die Verwendung von Text- oder Bildmaterial ist \u2013 sofern nicht ausdr\u00fccklich anders angegeben \u2013 nur mit Zustimmung gestattet.<\/p>\n<p><strong>Rechtlicher Hinweis<\/strong><br \/>\nIm Hinblick auf die technischen Eigenschaften des Internet kann keine Gew\u00e4hr f\u00fcr die Authentizit\u00e4t, Richtigkeit und Vollst\u00e4ndigkeit der im Internet zur Verf\u00fcgung gestellten Informationen \u00fcbernommen werden. Es wird auch keine Gew\u00e4hr f\u00fcr die Verf\u00fcgbarkeit oder den Betrieb der gegenst\u00e4ndlichen Webseite und ihrer Inhalte \u00fcbernommen. Jede Haftung f\u00fcr unmittelbare, mittelbare oder sonstige Sch\u00e4den, unabh\u00e4ngig von deren Ursachen, die aus der Benutzung oder Nichtverf\u00fcgbarkeit der Daten und Informationen dieser Homepage erwachsen, wird, soweit rechtlich zul\u00e4ssig, ausgeschlossen.<br \/>\nMein Angebot enth\u00e4lt Links zu externen Webseiten Dritter, auf deren Inhalte ich keinen Einfluss habe. Deshalb kann ich f\u00fcr diese fremden Inhalte auch keine Gew\u00e4hr \u00fcbernehmen. F\u00fcr die Inhalte der verlinkten Seiten ist stets der jeweilige Anbieter oder Betreiber der Seiten verantwortlich. Die verlinkten Seiten wurden zum Zeitpunkt der Verlinkung auf m\u00f6gliche Rechtsverst\u00f6\u00dfe \u00fcberpr\u00fcft. Rechtswidrige Inhalte waren zum Zeitpunkt der Verlinkung nicht erkennbar.<br \/>\nDer Inhalt dieser Webseite ist urheberrechtlich gesch\u00fctzt.<\/p>\n<\/div><\/section><\/p><\/div>\n","protected":false},"excerpt":{"rendered":"","protected":false},"author":8,"featured_media":0,"parent":0,"menu_order":90,"comment_status":"closed","ping_status":"closed","template":"","meta":{"footnotes":""},"class_list":["post-503","page","type-page","status-publish","hentry"],"_links":{"self":[{"href":"https:\/\/vssteinakirchen.ac.at\/index.php?rest_route=\/wp\/v2\/pages\/503","targetHints":{"allow":["GET"]}}],"collection":[{"href":"https:\/\/vssteinakirchen.ac.at\/index.php?rest_route=\/wp\/v2\/pages"}],"about":[{"href":"https:\/\/vssteinakirchen.ac.at\/index.php?rest_route=\/wp\/v2\/types\/page"}],"author":[{"embeddable":true,"href":"https:\/\/vssteinakirchen.ac.at\/index.php?rest_route=\/wp\/v2\/users\/8"}],"replies":[{"embeddable":true,"href":"https:\/\/vssteinakirchen.ac.at\/index.php?rest_route=%2Fwp%2Fv2%2Fcomments&post=503"}],"version-history":[{"count":10,"href":"https:\/\/vssteinakirchen.ac.at\/index.php?rest_route=\/wp\/v2\/pages\/503\/revisions"}],"predecessor-version":[{"id":1122,"href":"https:\/\/vssteinakirchen.ac.at\/index.php?rest_route=\/wp\/v2\/pages\/503\/revisions\/1122"}],"wp:attachment":[{"href":"https:\/\/vssteinakirchen.ac.at\/index.php?rest_route=%2Fwp%2Fv2%2Fmedia&parent=503"}],"curies":[{"name":"wp","href":"https:\/\/api.w.org\/{rel}","templated":true}]}}